{"id":3,"date":"2024-02-16T15:21:12","date_gmt":"2024-02-16T15:21:12","guid":{"rendered":"https:\/\/emperadorproperties.com\/?page_id=3"},"modified":"2025-04-08T17:28:20","modified_gmt":"2025-04-08T15:28:20","slug":"politica-de-privacidad","status":"publish","type":"page","link":"https:\/\/emperadorproperties.com\/en\/politica-de-privacidad\/","title":{"rendered":"Privacy policy."},"content":{"rendered":"<div data-elementor-type=\"wp-page\" data-elementor-id=\"3\" class=\"elementor elementor-3\" data-elementor-post-type=\"page\">\n\t\t\t\t<div class=\"elementor-element elementor-element-aba094f e-flex e-con-boxed e-con e-parent\" data-id=\"aba094f\" data-element_type=\"container\" data-e-type=\"container\">\n\t\t\t\t\t<div class=\"e-con-inner\">\n\t\t\t\t<div class=\"elementor-element elementor-element-a6ba94b elementor-widget elementor-widget-heading\" data-id=\"a6ba94b\" data-element_type=\"widget\" data-e-type=\"widget\" data-widget_type=\"heading.default\">\n\t\t\t\t<div class=\"elementor-widget-container\">\n\t\t\t\t\t<h1 class=\"elementor-heading-title elementor-size-default\">POL\u00cdTICA DE PRIVACIDAD WEB: GLOBAL ONE REAL ESTATE SPAIN, S.A. <\/h1>\t\t\t\t<\/div>\n\t\t\t\t<\/div>\n\t\t\t\t<div class=\"elementor-element elementor-element-7380e6f elementor-widget elementor-widget-text-editor\" data-id=\"7380e6f\" data-element_type=\"widget\" data-e-type=\"widget\" data-widget_type=\"text-editor.default\">\n\t\t\t\t<div class=\"elementor-widget-container\">\n\t\t\t\t\t\t\t\t\t<p>A continuaci\u00f3n, se muestra la <strong>Privacy Policy<\/strong> (en adelante, <strong><em>\u201cpol\u00edtica de privacidad web\u201d <\/em><\/strong><em>o <strong>\u201cpol\u00edtica\u201d<\/strong><\/em>) que rige la Plataforma Web <a href=\"https:\/\/emperadorproperties.com\/en\/\">https:\/\/emperadorproperties.com\/<\/a> (en adelante, \u201cla Plataforma\u201d) bajo la titularidad de <strong>GLOBAL ONE REAL ESTATE SPAIN, S.A. <\/strong>(en lo sucesivo, <strong><em>\u201cGORES\u201d <\/em><\/strong><em>o<strong> \u201cnosotros\u201d<\/strong><\/em>)<strong>,<\/strong> entidad con domicilio en Paseo de la Castellana n\u00ba259D, planta 28, 28046 Madrid e inscrita en el Registro Mercantil de Madrid, tomo 1, Folio 1, Hoja 578957.<\/p>\n<p><strong>POR FAVOR, DEDICA UNOS MINUTOS A LEER NUESTRA POL\u00cdTICA DE PRIVACIDAD, NO TE LLEVAR\u00c1 MUCHO TIEMPO. CON ELLA QUEREMOS EXPLICARTE DE FORMA SENCILLA, CLARA Y TRANSPARENTE C\u00d3MO TRATAMOS Y PROTEGEMOS TU INFORMACI\u00d3N PERSONAL Y TUS DERECHOS. TU SEGURIDAD Y LA DE TUS DATOS PERSONALES ES FUNDAMENTAL PARA GORES Y NOS TOMAMOS MUY EN SERIO SU ADECUADA PROTECCI\u00d3N.<\/strong><\/p>\n<p>\u00a0<\/p>\n<h3><strong>\u00bfA QUI\u00c9N SE DIRIGE Y APLICA ESTA POL\u00cdTICA?<\/strong><\/h3>\n<p>Esta pol\u00edtica es de aplicaci\u00f3n <strong>a todos los usuarios de la plataforma<\/strong>, sean o no clientes de GORES (en adelante, indistintamente, \u201cel usuario\u201d o \u201clos usuarios\u201d) que tengan la consideraci\u00f3n de personas f\u00edsicas. Y es que, por datos personales, nos referimos a toda informaci\u00f3n sobre una persona f\u00edsica identificada o identificable. Si ya eres <strong>cliente<\/strong> de GORES, por haber suscrito un contrato con nosotros, debes remitirte tambi\u00e9n a la informaci\u00f3n contenida en este sobre los t\u00e9rminos espec\u00edficos de privacidad.<\/p>\n<p>\u00a0<\/p>\n<h3><strong>SI NAVEGAS O UTILIZAS NUESTRA PLATAFORMA WEB \u00bfQUI\u00c9N ES EL RESPONSABLE DEL TRATAMIENTO DE TUS DATOS PERSONALES?<\/strong><\/h3>\n<p>Nosotros somos el responsable del tratamiento de tus datos personales:<\/p>\n<p><strong>Denominaci\u00f3n completa de la entidad:<\/strong> GLOBAL ONE REAL ESTATE SPAIN, S.A.<br \/><strong>Domicilio social:<\/strong> Paseo de la Castellana n\u00ba259D, planta 28, 28046 Madrid<br \/><strong>CIF:<\/strong> A11914033<br \/><strong>Tel\u00e9fono de contacto:<\/strong> 917 523 685<br \/><strong>Correo electr\u00f3nico de contacto (general):<\/strong> legal@emperadorproperties.es<\/p>\n<p>\u00a0<\/p>\n<h3><strong>\u00bfQUI\u00c9N ES EL DELEGADO DE PROTECCI\u00d3N DE DATOS (DPD) DE GORES?<\/strong><\/h3>\n<p><strong><em>\u00a0<\/em><\/strong><strong><em>GORES <\/em><\/strong>ha designado un DELEGADO DE PROTECCI\u00d3N DE DATOS (DPD), con quien los usuarios, si as\u00ed lo desean, podr\u00e1n contactar en lo referente a todas las cuestiones relativas al tratamiento de sus datos personales y para el ejercicio de sus derechos seg\u00fan lo dispuesto en el RGPD. Puede contactar con nuestro DPD a trav\u00e9s de los siguientes datos de contacto:<\/p>\n<p><strong><em>Domicilio postal:<\/em><\/strong> Paseo de la Castellana n\u00ba259D, planta 28, 28046 Madrid<\/p>\n<p><strong><em>Correo electr\u00f3nico de contacto:<\/em><\/strong> <a href=\"mailto:dpo@emperadorproperties.es\">dpo@emperadorproperties.es<\/a><\/p>\n<h3>\u00a0<\/h3>\n<h3><strong>TRATAMIENTOS DE DATOS REALIZADOS A TRAV\u00c9S DE LA PLATAFORMA<br \/><br \/><\/strong><\/h3>\n<ul>\n<li>\n<h5><strong>Fines del tratamiento: Navegar por la web<br \/><\/strong><\/h5>\n<br \/>\n<ul>\n<li><strong>Informaci\u00f3n adicional:<strong><br \/><\/strong><\/strong>Permiti\u00e9ndote el acceso a la informaci\u00f3n y a los contenidos dispuestos en la misma.<br \/>Te sugerimos consultar los documentos de la Agencia Espa\u00f1ola de Protecci\u00f3n de Datos (AEPD) sobre <a href=\"https:\/\/www.aepd.es\/prensa-y-comunicacion\/notas-de-prensa\/aepd-publica-recomendaciones-privacidad-navagacion\" target=\"_blank\" rel=\"noopener\">recomendaciones a los Usuarios para minimizar los riesgos de la privacidad derivados de la navegaci\u00f3n por Internet<\/a> and <a href=\"https:\/\/www.aepd.es\/areas-de-actuacion\/recomendaciones\/informacion\" target=\"_blank\" rel=\"noopener\">la informaci\u00f3n sobre seguridad tecnol\u00f3gica<\/a>.\n<p>Adem\u00e1s, si accedes a nuestra Web, te informamos que trataremos tus datos de navegaci\u00f3n para fines anal\u00edticos, publicitarios y estad\u00edsticos, siempre que hayas aceptado las cookies correspondientes de conformidad con la <a href=\"https:\/\/emperadorproperties.com\/en\/politica-de-cookies\/\">Pol\u00edtica de Cookies<\/a> dispuesta al efecto, pudiendo configurar en todo momento tus preferencias en relaci\u00f3n con el tratamiento de tus datos personales a estos fines.<\/p>\n<\/li>\n<li>\n<p><strong>Categor\u00edas de datos:<br \/><\/strong>Datos de navegaci\u00f3n web (datos de tu navegaci\u00f3n web con apoyo en cookies, p\u00e1ginas webs que visitas, tiempo de conexi\u00f3n, etc.).<\/p>\n<\/li>\n<li><strong>Base legal: <br \/><\/strong>Tu consentimiento, en particular, en el caso de aceptar u autorizar el uso de cookies que as\u00ed lo requieran, conforme a lo dispuesto en nuestra Pol\u00edtica de Cookies (ex art. 6.1 a) del RGPD).<br \/>Seg\u00fan los casos, tambi\u00e9n aplicar\u00e1 la satisfacci\u00f3n del inter\u00e9s leg\u00edtimo, propio o de terceros, asociado a la adecuada usabilidad t\u00e9cnica, gesti\u00f3n, mantenimiento, desarrollo y evoluci\u00f3n de la Web, herramientas, red y sistemas de la informaci\u00f3n asociados (ex art. 6.1 f) del RGPD).<br \/><br \/><\/li>\n<li><strong>Plazo de conservaci\u00f3n:<\/strong><br \/>Se conservar\u00e1n tus datos por el tiempo imprescindible y necesario para posibilitarte la correcta navegaci\u00f3n y el uso de nuestra Web y de los contenidos.<br \/>Respecto a los datos asociados a tu perfil de navegaci\u00f3n, por relaci\u00f3n a las cookies de tipo anal\u00edticas que hayas aceptado, debes atender al apartado relativo a la temporalidad de las mismas (ver <a href=\"https:\/\/emperadorproperties.com\/en\/politica-de-cookies\/\">Pol\u00edtica de Cookies<\/a>).<br \/><br \/><\/li>\n<\/ul>\n<\/li>\n<li>\n<h5><strong>Fines del tratamiento: Atender tus peticiones o solicitudes <br \/><\/strong><\/h5>\n<br \/>\n<ul>\n<li><strong>Informaci\u00f3n adicional:<strong><br \/><\/strong><\/strong>Para ello, se encuentra habilitado el formulario de contacto en el apartado \u201c<a href=\"https:\/\/emperadorproperties.com\/en\/\">Contact<\/a> \u201d de la plataforma.<br \/><br \/><\/li>\n<li>\n<p><strong>Categor\u00edas de datos:<br \/><\/strong><\/p>\n<ul>\n<li>Datos personales identificativos (nombre y apellidos).<\/li>\n<li>Datos personales de contacto (correo electr\u00f3nico).<\/li>\n<li>Datos personales tratados como consecuencia de la consulta.<\/li>\n<\/ul>\n<p>\u00a0<\/p>\n<\/li>\n<li><strong>Base legal: <br \/><\/strong>Tu consentimiento<br \/><br \/><\/li>\n<li><strong>Plazo de conservaci\u00f3n:<\/strong><br \/>Por el tiempo estrictamente necesario para solventar o atender las mismas.<br \/><br \/><\/li>\n<\/ul>\n<\/li>\n<\/ul>\n<ul>\n<li>\n<h5><strong>Fines del tratamiento: Env\u00edo de informaci\u00f3n comercial.<br \/><\/strong><\/h5>\n<br \/>\n<ul>\n<li><strong>Informaci\u00f3n adicional:<br \/><\/strong>Trataremos tus datos con la finalidad de ofrecerte informaci\u00f3n sobre nuestras novedades y promociones. <br \/><br \/><\/li>\n<li>\n<p><strong>Categor\u00edas de datos:<br \/><\/strong><\/p>\n<ul>\n<li>Datos personales identificativos (nombre y apellidos).<\/li>\n<li>Datos personales de contacto (correo electr\u00f3nico).<\/li>\n<\/ul>\n<p>\u00a0<\/p>\n<\/li>\n<li><strong>Base legal: <br \/><\/strong>Tu consentimiento, a no ser que sean de aplicaci\u00f3n la excepci\u00f3n prevista en el art. 21.2 de la Ley 34\/2002, de 11 de julio, de servicios de la sociedad de la informaci\u00f3n y de comercio electr\u00f3nico.<br \/><br \/><\/li>\n<li><strong>Plazo de conservaci\u00f3n:<\/strong><br \/>Sus datos personales ser\u00e1n tratados con esta finalidad mientras usted no se oponga a la misma y hasta dos a\u00f1os despu\u00e9s de finalidad su relaci\u00f3n con GORES.<br \/><br \/><\/li>\n<\/ul>\n<\/li>\n<\/ul>\n<ul>\n<li>\n<h5><strong>Fines del tratamiento: Gestionar tu registro y acceso a la INTRANET de los usuarios del edificio. <br \/><\/strong><\/h5>\n<br \/>\n<ul>\n<li><strong>Informaci\u00f3n adicional:<br \/><\/strong>A trav\u00e9s del canal habilitado en la plataforma en el apartado \u201cINTRANET \u201d:<br \/><a href=\"https:\/\/intranet.torremperadorcastellana.com\/\" target=\"_blank\" rel=\"noopener\">Intranet Torre Emperador Castellana<\/a><br \/><a href=\"https:\/\/intranet.torrediagonalone.com\/\" target=\"_blank\" rel=\"noopener\">Intranet Torre Diagonal One<\/a><br \/><br \/><\/li>\n<li><strong>Categor\u00edas de datos:<\/strong>\n<ul>\n<li>Datos personales identificativos (nombre y apellidos, fecha de nacimiento).<\/li>\n<li>Datos personales de contacto (correo electr\u00f3nico, tel\u00e9fono m\u00f3vil).<\/li>\n<li>Datos personales profesionales (empresa)<\/li>\n<\/ul>\n<p>\u00a0<\/p>\n<\/li>\n<li><strong>Base legal: <br \/><\/strong>Ejecuci\u00f3n del contrato que has suscrito con GORES. <br \/><br \/><\/li>\n<li><strong>Plazo de conservaci\u00f3n:<\/strong><br \/>Durante los plazos necesarios para dar debida satisfacci\u00f3n a la ejecuci\u00f3n del contrato entre las partes (duraci\u00f3n del contrato entre las partes). Adem\u00e1s, cuando resulte de aplicaci\u00f3n, y a los fines dispuestos por la Ley 10\/2010, de 28 de abril, de prevenci\u00f3n del blanqueo de capitales y de la financiaci\u00f3n del terrorismo, tus datos podr\u00e1n conservarse por 10 a\u00f1os desde la terminaci\u00f3n de la relaci\u00f3n de negocios o la ejecuci\u00f3n de la operaci\u00f3n.<\/li>\n<\/ul>\n<\/li>\n<\/ul>\n<h3>\u00a0<\/h3>\n<h3><strong>OTROS TRATAMIENTOS DE DATOS<\/strong><\/h3>\n<p>Cuando la base leg\u00edtima del tratamiento de tus datos personales sea tu consentimiento, te recordamos que tienes derecho a revocar el mismo en cualquier momento de forma sencilla y gratuita escribi\u00e9ndonos a <a href=\"mailto:dpo@emperadorproperties.es\">dpo@emperadorproperties.es<\/a>. \u00a0<\/p>\n<p>En lo que refiere al plazo de conservaci\u00f3n, con car\u00e1cter general, cuando los datos personales ya no resulten necesarios para los fines de tratamiento para los que fueron recabados, se proceder\u00e1 a su bloqueo, quedando a disposici\u00f3n \u00fanicamente de las autoridades competentes para la posible depuraci\u00f3n de las responsabilidades jur\u00eddicas durante el tratamiento de los mismos, siempre de conformidad con la normativa aplicable, y no pudiendo utilizarse a otros fines distintos a \u00e9stos. Transcurridos los plazos legales correspondientes en caso de bloqueo, sus datos se suprimir\u00e1n seg\u00fan dispone la normativa aplicable, pudiendo tambi\u00e9n, si as\u00ed resultara aplicable, anonimizarse de forma segura por GORES (datos anonimizados\/no personales).<\/p>\n<p>\u00a0<\/p>\n<h3><strong>\u00bfQU\u00c9 CONSECUENCIAS TIENE NO FACILITARNOS TUS DATOS?<\/strong><\/h3>\n<p><strong><em>\u00a0<\/em><\/strong>Procuramos solicitar o aplicar los datos m\u00ednimos e imprescindibles para realizar los tratamientos de datos personales que efectuamos en desarrollo pleno de nuestro objeto y fines sociales. Todo ello en consonancia con los principios contenidos en la normativa aplicable.<\/p>\n<p>Ahora bien, la falta de aportaci\u00f3n de tus datos personales podr\u00eda dar lugar a la imposibilidad de que: 1) puedas navegar correctamente por nuestra web (inhabilitar las cookies t\u00e9cnicas); 2) tramitar tu solicitud o petici\u00f3n espec\u00edfica (por ejemplo, por la falta o insuficiente cumplimentaci\u00f3n de los formularios habilitados en la plataforma).<\/p>\n<p>En todo caso, la informaci\u00f3n y datos personales que nos aportes deber\u00e1 ser suficientes, ajustados, y limitados a lo solicitado a trav\u00e9s formularios de la plataforma; 2) exactos, actualizados y veraces, a fin de poder verificar de forma adecuada su identidad y poder acceder a los servicios de la plataforma.<\/p>\n<p>Los usuarios ser\u00e1n plenamente responsables por los datos e informaci\u00f3n personal que aporten a GORES en el marco de la plataforma y, en su caso, de los servicios que requieran o contraten.<\/p>\n<p>\u00a0<\/p>\n<h3><strong>\u00bfCOMPARTIMOS TUS DATOS PERSONALES CON TERCEROS?<\/strong><\/h3>\n<p>Con car\u00e1cter general, no compartimos tus datos con terceros, ni los vendemos u ofrecemos a \u00e9stos. Ahora bien, como cliente de GORES, tus datos personales podr\u00e1n ser compartidos con las entidades que componen el Grupo en que se integra GORES, en la forma y para los fines descritos en los contratos suscritos con nuestros clientes y con fines administrativos internos. En atenci\u00f3n a las finalidades antes indicadas, tus datos personales podr\u00e1n comunicarse, en su caso, a los siguientes destinatarios:<\/p>\n<ul>\n<li>A las Administraciones P\u00fablicas en los supuestos previstos en la Ley.<\/li>\n<li>Cuerpos y Fuerzas de Seguridad del Estado.<\/li>\n<li>Juzgados y Tribunales.<\/li>\n<\/ul>\n<p><br \/>Del mismo modo, es posible que ciertos terceros puedan acceder a tu informaci\u00f3n personal en desarrollo de los servicios que puedan prestar a GORES. Por ejemplo, en el caso de las cookies de terceros que se aplican en la plataforma (ver <a href=\"https:\/\/emperadorproperties.com\/en\/politica-de-cookies\/\">pol\u00edtica de cookies<\/a>).<\/p>\n<p>GORES cuenta con diversos encargados del tratamiento de los datos personales bajo su control, permitiendo el acceso a \u00e9stos, como proveedores de confianza, y en la medida en que sea estrictamente necesario para la prestaci\u00f3n de los servicios contratados con los mismos. Tales encargados del tratamiento operan bajo un contrato de servicios en los t\u00e9rminos, con las condiciones y garant\u00edas contenidas en el art\u00edculo 28 del RGPD, realizando GORES los controles, inspecciones y auditor\u00edas correspondientes en este \u00e1mbito para comprobar que tales encargados del tratamiento cumplen de forma estricta con los contratos suscritos a tal fin y la normativa de aplicaci\u00f3n.<\/p>\n<h3><strong><br \/>\u00bfSE HACEN TRANSFERENCIAS INTERNACIONALES DE TUS DATOS PERSONALES?<\/strong><\/h3>\n<p>Te informamos que, con car\u00e1cter general, no est\u00e1n previstas transferencias internacionales de tus datos personales, adopt\u00e1ndose las medidas y garant\u00edas necesarias por GORES en este \u00e1mbito de conformidad con la normativa vigente de protecci\u00f3n de datos personales. Sin perjuicio de lo anterior, en nuestra pol\u00edtica de cookies encontrar\u00e1s informaci\u00f3n sobre el uso de Cookies por parte de terceros que podr\u00edan realizar transferencias internacionales de datos personales. Puedes consultar la informaci\u00f3n de privacidad de los terceros que sirven cookies en esta web, a trav\u00e9s de nuestra <a href=\"https:\/\/emperadorproperties.com\/en\/politica-de-cookies\/\">Pol\u00edtica de Cookies<\/a>.<br \/><br \/><\/p>\n<h3><strong>\u00bfQU\u00c9 DERECHOS TIENES, QU\u00c9 SIGNIFICAN Y C\u00d3MO PUEDES EJERCERLOS?<\/strong><\/h3>\n<p>Puedes ejercitar los derechos de acceso, rectificaci\u00f3n, supresi\u00f3n, portabilidad, limitaci\u00f3n del tratamiento y oposici\u00f3n mediante carta dirigida al domicilio social de la compa\u00f1\u00eda, GORES o mediante correo electr\u00f3nico dirigido a <a href=\"mailto:dpo@emperadorproperties.es\">dpo@emperadorproperties.es<\/a>, acompa\u00f1ando, si fuera necesario acreditar tu identificaci\u00f3n, copia de tu documento nacional de identidad o documento identificativo equivalente (pasaporte, N.I.E\u2026).<\/p>\n<p>Asimismo, te informamos que en caso de no considerar atendidos de forma debida tus derechos personales, podr\u00e1s presentar una reclamaci\u00f3n ante la autoridad de control competente, en este caso, la Agencia Espa\u00f1ola de Protecci\u00f3n de Datos (AEPD). Para m\u00e1s informaci\u00f3n visite la p\u00e1gina web <a href=\"http:\/\/www.aepd.es\" target=\"_blank\" rel=\"noopener\">www.aepd.es<\/a>.<\/p>\n<p>No obstante, te recomendamos que antes de presentar cualquier denuncia o reclamaci\u00f3n ante la AEPD contactes con nosotros, y especialmente con el DPD de GORES (<a href=\"mailto:dpo@emperadorproperties.es\">dpo@emperadorproperties.es<\/a>) a fin de analizar la situaci\u00f3n concreta que corresponda, e intentar, en su caso, buscar una soluci\u00f3n eficaz y amistosa.<\/p>\n<p>\u00a0<\/p>\n<h3><strong>\u00bfSE APLICAN MEDIDAS DE SEGURIDAD Y PROTECCI\u00d3N DE TUS DATOS PERSONALES?<\/strong><\/h3>\n<p><strong><em>\u00a0<\/em><\/strong>Teniendo en cuenta la naturaleza, el \u00e1mbito, el contexto y los indicados fines del tratamiento, as\u00ed como los riesgos de diversa probabilidad y gravedad para tus derechos y libertades, GORES aplica (y aplicar\u00e1) medidas t\u00e9cnicas y organizativas apropiadas a fin de garantizar la debida seguridad y protecci\u00f3n de tus datos personales atendiendo a criterios de privacidad desde el dise\u00f1o y por defecto, as\u00ed como aplicando un sistema de enfoque al riesgo concurrente que se revisar\u00e1 y actualizar\u00e1 por GORES cuando sea necesario. El uso del protocolo de Transferencia de Hiper-Texto (HTTPS) en nuestra plataforma es una garant\u00eda reforzada para la seguridad de tus datos personales.<\/p>\n<h3><strong>VIGENCIA Y MODIFICACI\u00d3N DE LA POL\u00cdTICA DE PRIVACIDAD<\/strong><\/h3>\n<p>La presente pol\u00edtica est\u00e1 vigente desde el d\u00eda 24 de octubre de 2024.<\/p>\n<p>GORES se reserva el derecho de modificar esta pol\u00edtica, para adaptarla a futuras novedades legislativas, doctrinales o jurisprudenciales que resulten de aplicaci\u00f3n, o por motivos t\u00e9cnicos, operativos, comerciales, corporativos y de negocio, inform\u00e1ndote previa y razonablemente de los cambios que se produzcan cuando ello sea posible. En todo caso, se recomienda que, cada vez que accedas a esta plataforma, leas con detalle esta pol\u00edtica, ya que cualquier modificaci\u00f3n ser\u00e1 publicada a trav\u00e9s de la misma.<\/p>\n<p>\u00a0<\/p>\n<p>\u00a0<\/p>\n<p>\u00a0<\/p>\n<p>\u00a0<\/p>\n<p>\u00a0<\/p>\t\t\t\t\t\t\t\t<\/div>\n\t\t\t\t<\/div>\n\t\t\t\t\t<\/div>\n\t\t\t\t<\/div>\n\t\t\t\t<\/div>","protected":false},"excerpt":{"rendered":"<p>POL\u00cdTICA DE PRIVACIDAD WEB: GLOBAL ONE REAL ESTATE SPAIN, S.A. A continuaci\u00f3n, se muestra la pol\u00edtica de privacidad (en adelante, \u201cpol\u00edtica de privacidad web\u201d o \u201cpol\u00edtica\u201d) que rige la Plataforma Web https:\/\/emperadorproperties.com\/ (en adelante, \u201cla Plataforma\u201d) bajo la titularidad de GLOBAL ONE REAL ESTATE SPAIN, S.A. (en lo sucesivo, \u201cGORES\u201d o \u201cnosotros\u201d), entidad con domicilio [&hellip;]<\/p>\n","protected":false},"author":1,"featured_media":0,"parent":0,"menu_order":0,"comment_status":"closed","ping_status":"closed","template":"","meta":{"_acf_changed":false,"footnotes":""},"class_list":["post-3","page","type-page","status-publish","hentry"],"acf":[],"_links":{"self":[{"href":"https:\/\/emperadorproperties.com\/en\/wp-json\/wp\/v2\/pages\/3","targetHints":{"allow":["GET"]}}],"collection":[{"href":"https:\/\/emperadorproperties.com\/en\/wp-json\/wp\/v2\/pages"}],"about":[{"href":"https:\/\/emperadorproperties.com\/en\/wp-json\/wp\/v2\/types\/page"}],"author":[{"embeddable":true,"href":"https:\/\/emperadorproperties.com\/en\/wp-json\/wp\/v2\/users\/1"}],"replies":[{"embeddable":true,"href":"https:\/\/emperadorproperties.com\/en\/wp-json\/wp\/v2\/comments?post=3"}],"version-history":[{"count":5,"href":"https:\/\/emperadorproperties.com\/en\/wp-json\/wp\/v2\/pages\/3\/revisions"}],"predecessor-version":[{"id":2255,"href":"https:\/\/emperadorproperties.com\/en\/wp-json\/wp\/v2\/pages\/3\/revisions\/2255"}],"wp:attachment":[{"href":"https:\/\/emperadorproperties.com\/en\/wp-json\/wp\/v2\/media?parent=3"}],"curies":[{"name":"wp","href":"https:\/\/api.w.org\/{rel}","templated":true}]}}