{"id":170,"date":"2024-02-19T20:54:42","date_gmt":"2024-02-19T19:54:42","guid":{"rendered":"https:\/\/emperadorproperties.com\/?page_id=170"},"modified":"2024-04-02T10:44:15","modified_gmt":"2024-04-02T08:44:15","slug":"emperador-properties-coworking-innovacion","status":"publish","type":"page","link":"https:\/\/emperadorproperties.com\/en\/emperador-properties-coworking-innovacion\/","title":{"rendered":"Emperador Properties, Coworking innovaci\u00f3n"},"content":{"rendered":"<div data-elementor-type=\"wp-page\" data-elementor-id=\"170\" class=\"elementor elementor-170\" data-elementor-post-type=\"page\">\n\t\t\t\t<div data-dce-background-image-url=\"https:\/\/emperadorproperties.com\/wp-content\/uploads\/2024\/02\/Header-emperador-1.jpg\" class=\"elementor-element elementor-element-b23418d e-con-full e-flex e-con e-parent\" data-id=\"b23418d\" data-element_type=\"container\" data-e-type=\"container\" data-settings=\"{&quot;background_background&quot;:&quot;classic&quot;}\">\n\t\t<div class=\"elementor-element elementor-element-1e648b4 e-flex e-con-boxed e-con e-child\" data-id=\"1e648b4\" data-element_type=\"container\" data-e-type=\"container\">\n\t\t\t\t\t<div class=\"e-con-inner\">\n\t\t\t\t<div class=\"elementor-element elementor-element-6b43b98 elementor-widget elementor-widget-heading\" data-id=\"6b43b98\" data-element_type=\"widget\" data-e-type=\"widget\" data-widget_type=\"heading.default\">\n\t\t\t\t<div class=\"elementor-widget-container\">\n\t\t\t\t\t<h1 class=\"elementor-heading-title elementor-size-default\">PRESS KIT<\/h1>\t\t\t\t<\/div>\n\t\t\t\t<\/div>\n\t\t\t\t<div class=\"elementor-element elementor-element-8d5d8ff elementor-widget-divider--view-line elementor-widget elementor-widget-divider\" data-id=\"8d5d8ff\" data-element_type=\"widget\" data-e-type=\"widget\" data-widget_type=\"divider.default\">\n\t\t\t\t<div class=\"elementor-widget-container\">\n\t\t\t\t\t\t\t<div class=\"elementor-divider\">\n\t\t\t<span class=\"elementor-divider-separator\">\n\t\t\t\t\t\t<\/span>\n\t\t<\/div>\n\t\t\t\t\t\t<\/div>\n\t\t\t\t<\/div>\n\t\t\t\t\t<\/div>\n\t\t\t\t<\/div>\n\t\t\t\t<\/div>\n\t\t<div class=\"elementor-element elementor-element-2446db8 e-flex e-con-boxed e-con e-parent\" data-id=\"2446db8\" data-element_type=\"container\" data-e-type=\"container\">\n\t\t\t\t\t<div class=\"e-con-inner\">\n\t\t<div class=\"elementor-element elementor-element-c2c47ed e-con-full e-flex e-con e-child\" data-id=\"c2c47ed\" data-element_type=\"container\" data-e-type=\"container\">\n\t\t\t\t<div class=\"elementor-element elementor-element-a19cc06 elementor-widget elementor-widget-heading\" data-id=\"a19cc06\" data-element_type=\"widget\" data-e-type=\"widget\" data-widget_type=\"heading.default\">\n\t\t\t\t<div class=\"elementor-widget-container\">\n\t\t\t\t\t<h4 class=\"elementor-heading-title elementor-size-default\">CORPORATE MATERIALS<\/h4>\t\t\t\t<\/div>\n\t\t\t\t<\/div>\n\t\t\t\t<div class=\"elementor-element elementor-element-de68658 elementor-widget-divider--view-line elementor-widget elementor-widget-divider\" data-id=\"de68658\" data-element_type=\"widget\" data-e-type=\"widget\" data-widget_type=\"divider.default\">\n\t\t\t\t<div class=\"elementor-widget-container\">\n\t\t\t\t\t\t\t<div class=\"elementor-divider\">\n\t\t\t<span class=\"elementor-divider-separator\">\n\t\t\t\t\t\t<\/span>\n\t\t<\/div>\n\t\t\t\t\t\t<\/div>\n\t\t\t\t<\/div>\n\t\t\t\t<div class=\"elementor-element elementor-element-8eab534 elementor-widget elementor-widget-text-editor\" data-id=\"8eab534\" data-element_type=\"widget\" data-e-type=\"widget\" data-widget_type=\"text-editor.default\">\n\t\t\t\t<div class=\"elementor-widget-container\">\n\t\t\t\t\t\t\t\t\t<ul><li><strong>Selected images<\/strong><\/li><li><strong>Videos<\/strong><\/li><li><strong><a href=\"https:\/\/emperadorproperties.com\/wp-content\/uploads\/2024\/03\/Tipografias-3.zip\">Typography<\/a><\/strong><\/li><li><strong><a href=\"https:\/\/emperadorproperties.com\/wp-content\/uploads\/2024\/03\/Logotipos.zip\">Logos<\/a><\/strong><\/li><li><strong>Commercial brochures<\/strong><\/li><\/ul>\t\t\t\t\t\t\t\t<\/div>\n\t\t\t\t<\/div>\n\t\t\t\t<\/div>\n\t\t<div class=\"elementor-element elementor-element-389431b e-con-full e-flex e-con e-child\" data-id=\"389431b\" data-element_type=\"container\" data-e-type=\"container\">\n\t\t\t\t<div class=\"elementor-element elementor-element-67058b9 elementor-widget elementor-widget-heading\" data-id=\"67058b9\" data-element_type=\"widget\" data-e-type=\"widget\" data-widget_type=\"heading.default\">\n\t\t\t\t<div class=\"elementor-widget-container\">\n\t\t\t\t\t<h4 class=\"elementor-heading-title elementor-size-default\">PRESS RELEASE<\/h4>\t\t\t\t<\/div>\n\t\t\t\t<\/div>\n\t\t\t\t<div class=\"elementor-element elementor-element-cc29dd2 elementor-widget-divider--view-line elementor-widget elementor-widget-divider\" data-id=\"cc29dd2\" data-element_type=\"widget\" data-e-type=\"widget\" data-widget_type=\"divider.default\">\n\t\t\t\t<div class=\"elementor-widget-container\">\n\t\t\t\t\t\t\t<div class=\"elementor-divider\">\n\t\t\t<span class=\"elementor-divider-separator\">\n\t\t\t\t\t\t<\/span>\n\t\t<\/div>\n\t\t\t\t\t\t<\/div>\n\t\t\t\t<\/div>\n\t\t\t\t<div class=\"elementor-element elementor-element-5c31ac3 elementor-widget elementor-widget-text-editor\" data-id=\"5c31ac3\" data-element_type=\"widget\" data-e-type=\"widget\" data-widget_type=\"text-editor.default\">\n\t\t\t\t<div class=\"elementor-widget-container\">\n\t\t\t\t\t\t\t\t\t<h2 class=\"deeper-text align-left\"><strong>2024<\/strong><\/h2>\n<ul>\n \t<li><a href=\"https:\/\/emperadorproperties.com\/wp-content\/uploads\/2024\/04\/NP-Emperador-Properties-TDO-Proyectos-2024.docx\">Emperador Properties is committed to experience and innovation in 2024 and will inaugurate a rooftop and a gym, and will renovate the Torre Diagonal One auditorium <\/a><\/li>\n<\/ul>\n<h2 class=\"deeper-text align-left\"><strong>2022<\/strong><\/h2>\n<ul>\n \t<li><a href=\"https:\/\/emperadorproperties.com\/wp-content\/uploads\/2024\/03\/Emperador-Properties-obtiene-la-certificacion-BREEAM-en-Torre-Diagonal-One-en-Barcelona-.pdf\">Emperador Properties obtains BREEAM certification for Torre Diagonal One in Barcelona.<\/a><\/li>\n \t<li><a href=\"https:\/\/emperadorproperties.com\/wp-content\/uploads\/2024\/03\/Emperador-Properties-se-incorpora-al-BME-Growth-.pdf\">Incorporation of Emperador Properties into BME Growth.<\/a><\/li>\n<\/ul>\n<h2 class=\"deeper-text align-left\"><strong>2021<\/strong><\/h2>\n<ul>\n \t<li><a href=\"https:\/\/emperadorproperties.com\/wp-content\/uploads\/2024\/03\/Torre-Espacio-inicia-una-nueva-etapa-bajo-el-nombre-de-Torre-Emperador-Castellana-1.pdf\">Torre Espacio begins a new era under the name of Torre Emperador Castellana.<\/a><\/li>\n \t<li><a href=\"https:\/\/emperadorproperties.com\/wp-content\/uploads\/2024\/03\/Torre-Diagonal-Zero-Zero-inicia-una-nueva-etapa-bajo-el-nombre-de-Torre-Diagonal-One-.pdf\">Torre Diagonal Zero Zero begins a new era under the name of Torre Diagonal One.<\/a><\/li>\n \t<li><a href=\"https:\/\/emperadorproperties.com\/wp-content\/uploads\/2024\/03\/Nace-Next-Floor-un-nuevo-coworking-orientado-fomentar-el-bienestar-la-comodidad-y-la-seguridad-de-los-inquilinos-1.pdf\">Next Floor is created, a new coworking space designed to improve the wellbeing, comfort and security of tenants.<\/a><\/li>\n<\/ul>\t\t\t\t\t\t\t\t<\/div>\n\t\t\t\t<\/div>\n\t\t\t\t<\/div>\n\t\t\t\t\t<\/div>\n\t\t\t\t<\/div>\n\t\t<div class=\"elementor-element elementor-element-a8c8953 e-flex e-con-boxed e-con e-parent\" data-id=\"a8c8953\" data-element_type=\"container\" data-e-type=\"container\">\n\t\t\t\t\t<div class=\"e-con-inner\">\n\t\t\t\t<div class=\"elementor-element elementor-element-64f69b2 elementor-widget elementor-widget-text-editor\" data-id=\"64f69b2\" data-element_type=\"widget\" data-e-type=\"widget\" data-widget_type=\"text-editor.default\">\n\t\t\t\t<div class=\"elementor-widget-container\">\n\t\t\t\t\t\t\t\t\t<p>Every user agrees to comply with the Terms and Conditions of the Website and, in particular, with regard to the industrial property and intellectual property of the companies related to Emperador Properties SOCIMI, S.A., not to copy, reproduce, modify or distribute to third parties, either in whole or in part, at any time, without the prior written consent of Emperador Properties SOCIMI, S.A. or of the companies related to it that hold such rights, except to use the materials whose downloading is permitted on the Website for the sole purpose of including them in publications on social networks and press releases that allude to Emperador Properties SOCIMI, S.A. or its related companies. The User who breaches this authorization shall hold Emperador Properties SOCIMI, S.A. and its related companies harmless.\n\nLikewise, all information contained in this Web Site must be used without being altered, modified and without damaging the image and reputation of Emperador Properties SOCIMI, S.A. or that of its related companies.<\/p>\t\t\t\t\t\t\t\t<\/div>\n\t\t\t\t<\/div>\n\t\t\t\t\t<\/div>\n\t\t\t\t<\/div>\n\t\t\t\t<\/div>","protected":false},"excerpt":{"rendered":"<p>KIT DE PRENSA MATERIALES CORPORATIVOS Selecci\u00f3n de im\u00e1genes Videos Tipograf\u00edas Logos Dossieres comerciales NOTAS DE PRENSA 2024 Emperador Properties apuesta por la experiencia y la innovaci\u00f3n en 2024 e inaugurar\u00e1 una azotea y un gimnasio, y renovar\u00e1 el auditorio de Torre Diagonal One 2022 Emperador Properties obtiene la certificaci\u00f3n BREEAM en Torre Diagonal One en [&hellip;]<\/p>\n","protected":false},"author":1,"featured_media":0,"parent":0,"menu_order":0,"comment_status":"closed","ping_status":"closed","template":"","meta":{"_acf_changed":false,"footnotes":""},"class_list":["post-170","page","type-page","status-publish","hentry"],"acf":[],"_links":{"self":[{"href":"https:\/\/emperadorproperties.com\/en\/wp-json\/wp\/v2\/pages\/170","targetHints":{"allow":["GET"]}}],"collection":[{"href":"https:\/\/emperadorproperties.com\/en\/wp-json\/wp\/v2\/pages"}],"about":[{"href":"https:\/\/emperadorproperties.com\/en\/wp-json\/wp\/v2\/types\/page"}],"author":[{"embeddable":true,"href":"https:\/\/emperadorproperties.com\/en\/wp-json\/wp\/v2\/users\/1"}],"replies":[{"embeddable":true,"href":"https:\/\/emperadorproperties.com\/en\/wp-json\/wp\/v2\/comments?post=170"}],"version-history":[{"count":5,"href":"https:\/\/emperadorproperties.com\/en\/wp-json\/wp\/v2\/pages\/170\/revisions"}],"predecessor-version":[{"id":1788,"href":"https:\/\/emperadorproperties.com\/en\/wp-json\/wp\/v2\/pages\/170\/revisions\/1788"}],"wp:attachment":[{"href":"https:\/\/emperadorproperties.com\/en\/wp-json\/wp\/v2\/media?parent=170"}],"curies":[{"name":"wp","href":"https:\/\/api.w.org\/{rel}","templated":true}]}}