{"id":152,"date":"2024-02-19T20:35:11","date_gmt":"2024-02-19T19:35:11","guid":{"rendered":"https:\/\/emperadorproperties.com\/?page_id=152"},"modified":"2025-04-08T17:26:07","modified_gmt":"2025-04-08T15:26:07","slug":"terminos-y-condiciones","status":"publish","type":"page","link":"https:\/\/emperadorproperties.com\/en\/terminos-y-condiciones\/","title":{"rendered":"Legal notice"},"content":{"rendered":"<div data-elementor-type=\"wp-page\" data-elementor-id=\"152\" class=\"elementor elementor-152\" data-elementor-post-type=\"page\">\n\t\t\t\t<div class=\"elementor-element elementor-element-b840980 e-flex e-con-boxed e-con e-parent\" data-id=\"b840980\" data-element_type=\"container\" data-e-type=\"container\">\n\t\t\t\t\t<div class=\"e-con-inner\">\n\t\t\t\t<div class=\"elementor-element elementor-element-77755ae elementor-widget elementor-widget-heading\" data-id=\"77755ae\" data-element_type=\"widget\" data-e-type=\"widget\" data-widget_type=\"heading.default\">\n\t\t\t\t<div class=\"elementor-widget-container\">\n\t\t\t\t\t<h1 class=\"elementor-heading-title elementor-size-default\">AVISO LEGAL \u2013 GLOBAL ONE REAL ESTATE SPAIN, S.A. <\/h1>\t\t\t\t<\/div>\n\t\t\t\t<\/div>\n\t\t\t\t<div class=\"elementor-element elementor-element-a192f96 elementor-widget elementor-widget-text-editor\" data-id=\"a192f96\" data-element_type=\"widget\" data-e-type=\"widget\" data-widget_type=\"text-editor.default\">\n\t\t\t\t<div class=\"elementor-widget-container\">\n\t\t\t\t\t\t\t\t\t<h3><strong>1.\u00a0\u00a0\u00a0 <\/strong><strong>INFORMACI\u00d3N GENERAL<\/strong><\/h3>\n<p>\u00a0El presente Aviso Legal regula el acceso y uso a la plataforma web <a href=\"https:\/\/emperadorproperties.com\/en\/\">https:\/\/emperadorproperties.com\/<\/a> (en adelante, la \u201c<strong>Plataforma<\/strong>\u201d) por lo que te recomendamos dedicar unos minutos para leerlo.<\/p>\n<p>La Plataforma se encuentra bajo la titularidad <strong>GLOBAL ONE REAL ESTATE SPAIN, S.A. <\/strong>(en lo sucesivo, <strong><em>\u201cGORES\u201d <\/em><\/strong><em>o<strong> \u201cnosotros\u201d<\/strong><\/em>)<strong>,<\/strong> entidad con domicilio en Paseo de la Castellana n\u00ba259D, planta 28, 28046 Madrid e inscrita en el Registro Mercantil de Madrid, tomo 1, Folio 1, Hoja 578957.<\/p>\n<p>Puedes ponerte en contacto con GORES a trav\u00e9s de la siguiente direcci\u00f3n de correo electr\u00f3nico: <a href=\"mailto:legal@emperadorproperties.es\">legal@emperadorproperties.es<\/a>.<\/p>\n<h3><strong>2.\u00a0\u00a0\u00a0 <\/strong><strong>CONDICIONES DE USO<\/strong><\/h3>\n<p>La navegaci\u00f3n y la utilizaci\u00f3n de la Plataforma te atribuye la condici\u00f3n de usuario de la misma e implica tu aceptaci\u00f3n de todas y cada una de las disposiciones incluidas en este Aviso Legal, vigente en cada momento en que accedas a la Plataforma. \u00a0Si no est\u00e1s de acuerdo con estas condiciones, te rogamos que dejes de utilizar la Plataforma.<\/p>\n<p>Este Aviso Legal ser\u00e1 de aplicaci\u00f3n independientemente de las condiciones particulares que pudiera establecer GORES para la regulaci\u00f3n de determinados servicios y\/o contenidos, y que, en su caso, deber\u00e1n ser aceptadas por el usuario antes de realizarse la prestaci\u00f3n del servicio correspondiente, o de las Condiciones Generales de Contrataci\u00f3n que resulten de aplicaci\u00f3n.<\/p>\n<p>El acceso y\/o navegaci\u00f3n a trav\u00e9s la Plataforma tiene car\u00e1cter gratuito. \u00a0<\/p>\n<p>En caso de que debas introducir datos personales en los formularios disponibles en la web, estos deber\u00e1n ser veraces, exactos y actualizados. GORES tratar\u00e1 tus datos conforme a lo dispuesto en la <a href=\"https:\/\/emperadorproperties.com\/en\/politica-de-privacidad\/\">Pol\u00edtica de Privacidad<\/a>. \u00a0<\/p>\n<h3><strong>3.\u00a0\u00a0\u00a0 <\/strong><strong>PROPIEDAD INTELECTUAL E INDUSTRIAL.<\/strong><\/h3>\n<p>Como usuario, te comprometes a utilizar los contenidos y servicios puestos a disposici\u00f3n de los mismos en la Plataforma, entendiendo por \u00e9stos, sin que esta enumeraci\u00f3n tenga car\u00e1cter limitativo, los textos, gr\u00e1ficos, im\u00e1genes, iconos, tecnolog\u00eda, software, links y dem\u00e1s contenidos digitales, audiovisuales o sonoros, as\u00ed como su dise\u00f1o gr\u00e1fico y c\u00f3digos fuente (en adelante, los \u00abContenidos\u00bb), de conformidad con la ley, este Aviso Legal, reglamentos de uso e instrucciones puestos en su conocimiento. En particular, te comprometes a abstenerte de:<\/p>\n<ul>\n<li>Reproducir, copiar, distribuir, poner a disposici\u00f3n o de cualquier otra forma comunicar p\u00fablicamente, transformar o modificar total o parcialmente los servicios y contenidos, a menos que se cuente con la autorizaci\u00f3n del titular de los correspondientes derechos o ello resulte legalmente permitido;<\/li>\n<li>Suprimir, manipular o de cualquier forma alterar el \u00abcopyright\u00bb y dem\u00e1s datos identificativos de la reserva de derechos de GORES o de terceros.<\/li>\n<li>Ejercitar u abusar del ejercicio de los derechos de explotaci\u00f3n asociados a tales contenidos, salvo que haya sido expresamente autorizado a tal fin por su leg\u00edtimo titular y, en su caso, a hacerlo en las condiciones expresamente pactadas al respecto.<\/li>\n<\/ul>\n<p>Todas las marcas, nombres, signos distintivos, arquitectura de contenidos (dise\u00f1o, la navegaci\u00f3n, la ordenaci\u00f3n y la taxonom\u00eda de la Plataforma y sus contenidos, etc.) y los contenidos o software de cualquier clase que se incorporan en la Plataforma son propiedad de\u00a0 GORES, o de terceros, sin que pueda entenderse que el uso o acceso a la Plataforma y\/o a los contenidos o servicios, te atribuya como usuario derecho alguno sobre las citadas marcas, nombres comerciales y\/o signos distintivos, as\u00ed como sobre cualquiera de otros elementos dispuestos a trav\u00e9s de \u00e9sta.<\/p>\n<p>En definitiva, los contenidos y dem\u00e1s servicios se encuentran bajo la propiedad intelectual o industrial de GORES, o de terceros, sin que puedan entenderse cedidos al usuario, en virtud de lo establecido en este Aviso legal, ninguno de los derechos que recaigan o puedan recaer sobre los mismos, m\u00e1s all\u00e1 de lo estrictamente necesario para el correcto uso o acceso a la Plataforma y a los servicios y contenidos (uso personal no sub-licenciable a terceros por las propias caracter\u00edsticas del servicio y dem\u00e1s requerimientos legales asociados) que, a trav\u00e9s del mismo, se presten o pudieran prestar al usuario.<\/p>\n<p>En el caso en el que como usuario, con ocasi\u00f3n del acceso o uso del Sitio Web, incorpores o exportes alg\u00fan contenido protegido por un derecho de propiedad intelectual e industrial, reconoces o, en su defecto, te comprometes a adquirir con anterioridad, todas las autorizaciones que resulten necesarias para garantizar a ClienteSoc el uso pac\u00edfico de dichos contenidos.<\/p>\n<h3><strong>4.\u00a0\u00a0\u00a0 <\/strong><strong>USOS NO PERMITIDOS.<\/strong><\/h3>\n<p>Queda PROHIBIDO, como usuario de la Plataforma:<\/p>\n<ol>\n<li>Utilizar cualquiera de los servicios o contenidos dispuestos a trav\u00e9s de la Plataforma con fines o efectos il\u00edcitos o lesivos para los derechos e intereses de GORES, o de terceros.<\/li>\n<\/ol>\n<ol start=\"2\">\n<li>Da\u00f1ar, inutilizar, sobrecargar, deteriorar o impedir la normal utilizaci\u00f3n de la Plataforma, as\u00ed como ciberatacar en modo alguno la Plataforma, sistemas o procesos asociados.<\/li>\n<li>Transmitir, comunicar o poner a disposici\u00f3n de terceros informaci\u00f3n o datos y, en general, cualquier clase de contenidos que sea contraria a los derechos fundamentales de las personas.<\/li>\n<li>Utilizar t\u00e9cnicas de bots, screen scraping, web scraping o cualquier otra herramienta de programaci\u00f3n o de cualquier otra \u00edndole que permita extraer y, en su caso, reutilizar, la informaci\u00f3n o datos alojados, almacenados o accesibles en la Plataforma sin autorizaci\u00f3n expresa y por escrito del GORES.<\/li>\n<\/ol>\n<p>En caso de vulnerar estas prohibiciones, y desde el momento en que GORES tenga conocimiento de estos hechos, podremos advertirte sobre la necesidad de detener dichas actividades, solicitar su eliminaci\u00f3n o correcci\u00f3n inmediata o directamente suprimir o bloquear dicho contenido. Tambi\u00e9n podremos suspender, desactivar o suprimir tu cuenta de usuario, en caso de existir, sin que ello genere derecho o indemnizaci\u00f3n dineraria alguna.<\/p>\n<h3><strong>5.\u00a0\u00a0\u00a0 <\/strong><strong>EXCLUSI\u00d3N DE GARANT\u00cdAS Y DE RESPONSABILIDAD.<\/strong><\/h3>\n<ol>\n<li>GORES no garantiza la disponibilidad y continuidad del funcionamiento de la Plataforma y de los servicios dispuestos a trav\u00e9s de la misma, ya sean propios o de terceros. Cuando ello sea razonablemente posible, advertir\u00e1 previamente de las interrupciones en el funcionamiento de la Plataforma.<\/li>\n<li>GORES no garantiza que los contenidos est\u00e9n libres de virus u otros elementos que puedan afectar tu sistema, aunque tomar\u00e1 las medidas necesarias para prevenir y corregir estos problemas.<\/li>\n<li>GORES no puede garantizar completamente la veracidad, exactitud, integridad, actualidad, legalidad, fiabilidad y utilidad de los contenidos y servicios de la Plataforma, especialmente los proporcionados por terceros.<\/li>\n<li>GORES puede ofrecer en la Plataforma enlaces, directorios y herramientas de b\u00fasqueda (como links, banners y botones) para facilitar a los usuarios el acceso a sitios web gestionados por terceros. Estos enlaces solo tienen el prop\u00f3sito de ayudar a los usuarios a encontrar informaci\u00f3n en Internet.<\/li>\n<li>GORES no comercializa ni respalda la informaci\u00f3n, contenidos o servicios de los sitios enlazados, ni supervisa o controla su contenido, siendo el usuario el \u00fanico responsable de navegar en ellos.<\/li>\n<li>GORES no controla ni se identifica con las opiniones, comentarios o acciones de los usuarios en la Plataforma.<\/li>\n<li>Los usuarios de la Plataforma son, con car\u00e1cter general, los \u00fanicos responsables por las actuaciones, valoraciones, contenidos e informaci\u00f3n que publiquen, transmitan, comuniquen o aporten a trav\u00e9s de la Plataforma.<\/li>\n<\/ol>\n<p>A pesar de las prohibiciones y reglas establecidas, GORES no garantiza ni se responsabiliza del uso que los usuarios hagan de la Plataforma y sus contenidos. No obstante, podr\u00e1 implementar sistemas de seguridad y tomar medidas correctivas cuando tenga conocimiento de incumplimientos, velando por la legitimidad de los servicios, contenidos y comentarios, sin asumir una obligaci\u00f3n de control.<\/p>\n<p>En todos los anteriores supuestos, GORES se exime de cualquier responsabilidad, da\u00f1os o perjuicios que se produzcan o pudieran producir, con toda la amplitud permitida por el ordenamiento jur\u00eddico aplicable, ya se sea frente al usuario o terceros.<\/p>\n<h3><strong>6.\u00a0\u00a0\u00a0 <\/strong><strong>LEGISLACI\u00d3N, JURISDICCI\u00d3N APLICABLE.<\/strong><\/h3>\n<p>El presente Aviso Legal se rige, en todos y cada uno de sus extremos por la legislaci\u00f3n espa\u00f1ola. Cualquier controversia en relaci\u00f3n con el presente Aviso Legal se someter\u00e1 a los Juzgados y Tribunales de la ciudad de Madrid, salvo que la normativa de aplicaci\u00f3n establezca la competencia de otros Juzgados y Tribunales a esos efectos. Si como usuario tienes la consideraci\u00f3n de consumidor, el fuero aplicable ser\u00e1 el de tu domicilio.<\/p>\n<h3>7. VALIDEZ<\/h3>\n<p>Si alguna de las estipulaciones del presente Aviso Legal es declarada nula o inv\u00e1lida, las dem\u00e1s seguir\u00e1n siendo v\u00e1lidas y vinculantes. Renunciar al cumplimiento de una estipulaci\u00f3n en un momento dado no implica la renuncia al resto de estipulaciones ni otorga derechos adicionales.<\/p>\n<h3><strong>8.\u00a0\u00a0\u00a0 <\/strong><strong>MODIFICACI\u00d3N DEL AVISO LEGAL <\/strong><\/h3>\n<p>GORES se reserva el derecho de modificar, en cualquier momento, la presentaci\u00f3n y configuraci\u00f3n de la Plataforma, as\u00ed como el presente Aviso Legal. Te recomendamos que, cada vez que accedas a la Plataforma, leas atentamente este Aviso Legal, ya que este puede experimentar modificaciones por motivos legales, t\u00e9cnicos, corporativos.<\/p>\n<p><strong>\u00a0<\/strong><\/p>\n<p style=\"text-align: right;\"><em>Versi\u00f3n 01 &#8211; Fecha 21\/10\/2024<\/em><\/p>\t\t\t\t\t\t\t\t<\/div>\n\t\t\t\t<\/div>\n\t\t\t\t\t<\/div>\n\t\t\t\t<\/div>\n\t\t\t\t<\/div>","protected":false},"excerpt":{"rendered":"<p>AVISO LEGAL \u2013 GLOBAL ONE REAL ESTATE SPAIN, S.A. 1.\u00a0\u00a0\u00a0 INFORMACI\u00d3N GENERAL \u00a0El presente Aviso Legal regula el acceso y uso a la plataforma web https:\/\/emperadorproperties.com\/ (en adelante, la \u201cPlataforma\u201d) por lo que te recomendamos dedicar unos minutos para leerlo. La Plataforma se encuentra bajo la titularidad GLOBAL ONE REAL ESTATE SPAIN, S.A. (en lo [&hellip;]<\/p>\n","protected":false},"author":1,"featured_media":0,"parent":0,"menu_order":0,"comment_status":"closed","ping_status":"closed","template":"","meta":{"_acf_changed":false,"footnotes":""},"class_list":["post-152","page","type-page","status-publish","hentry"],"acf":[],"_links":{"self":[{"href":"https:\/\/emperadorproperties.com\/en\/wp-json\/wp\/v2\/pages\/152","targetHints":{"allow":["GET"]}}],"collection":[{"href":"https:\/\/emperadorproperties.com\/en\/wp-json\/wp\/v2\/pages"}],"about":[{"href":"https:\/\/emperadorproperties.com\/en\/wp-json\/wp\/v2\/types\/page"}],"author":[{"embeddable":true,"href":"https:\/\/emperadorproperties.com\/en\/wp-json\/wp\/v2\/users\/1"}],"replies":[{"embeddable":true,"href":"https:\/\/emperadorproperties.com\/en\/wp-json\/wp\/v2\/comments?post=152"}],"version-history":[{"count":5,"href":"https:\/\/emperadorproperties.com\/en\/wp-json\/wp\/v2\/pages\/152\/revisions"}],"predecessor-version":[{"id":2245,"href":"https:\/\/emperadorproperties.com\/en\/wp-json\/wp\/v2\/pages\/152\/revisions\/2245"}],"wp:attachment":[{"href":"https:\/\/emperadorproperties.com\/en\/wp-json\/wp\/v2\/media?parent=152"}],"curies":[{"name":"wp","href":"https:\/\/api.w.org\/{rel}","templated":true}]}}